{"id":1517,"date":"2020-10-20T14:55:42","date_gmt":"2020-10-20T12:55:42","guid":{"rendered":"https:\/\/demobyro.dk\/swnx\/?page_id=1517"},"modified":"2021-03-22T14:46:40","modified_gmt":"2021-03-22T13:46:40","slug":"nyheder","status":"publish","type":"page","link":"https:\/\/swnx.dk\/en\/nyheder\/","title":{"rendered":"News"},"content":{"rendered":"<p>[et_pb_section fb_built=&#8221;1&#8243; _builder_version=&#8221;4.6.5&#8243; background_color=&#8221;rgba(0,0,0,0.28)&#8221; background_image=&#8221;https:\/\/swnx.dk\/wp-content\/uploads\/2020\/11\/SWNX-20.jpg&#8221; background_position=&#8221;bottom_center&#8221; background_blend=&#8221;color&#8221; height=&#8221;400px&#8221; custom_margin_tablet=&#8221;&#8221; custom_margin_phone=&#8221;||||false|false&#8221; custom_margin_last_edited=&#8221;on|phone&#8221; custom_padding=&#8221;80px||0px||false|false&#8221;][et_pb_row column_structure=&#8221;1_2,1_2&#8243; use_custom_gutter=&#8221;on&#8221; gutter_width=&#8221;2&#8243; custom_padding_last_edited=&#8221;on|tablet&#8221; _builder_version=&#8221;4.6.5&#8243; background_enable_color=&#8221;off&#8221; background_enable_image=&#8221;off&#8221; parallax=&#8221;on&#8221; width_tablet=&#8221;100%&#8221; width_phone=&#8221;&#8221; width_last_edited=&#8221;on|tablet&#8221; max_width=&#8221;1250px&#8221; max_width_tablet=&#8221;2560%&#8221; max_width_phone=&#8221;&#8221; max_width_last_edited=&#8221;on|tablet&#8221; custom_margin=&#8221;|auto|0px|auto|false|false&#8221; custom_padding=&#8221;||0px|||&#8221; custom_padding_tablet=&#8221;|80px|113px|80px|false|true&#8221; custom_padding_phone=&#8221;|20px|113px|20px|false|true&#8221;][et_pb_column type=&#8221;1_2&#8243; _builder_version=&#8221;4.6.5&#8243;][et_pb_text _builder_version=&#8221;4.6.5&#8243; text_font=&#8221;Poppins|300|||||||&#8221; header_font=&#8221;Poppins||||||||&#8221; header_text_color=&#8221;#333333&#8243; header_2_font=&#8221;Poppins|600|||||||&#8221; header_2_text_color=&#8221;#ffffff&#8221; header_2_font_size=&#8221;60px&#8221; custom_margin=&#8221;|-2px|||false|false&#8221; custom_margin_tablet=&#8221;&#8221; custom_margin_phone=&#8221;||||false|false&#8221; custom_margin_last_edited=&#8221;on|phone&#8221; custom_padding=&#8221;||||true|true&#8221; header_2_font_size_tablet=&#8221;&#8221; header_2_font_size_phone=&#8221;30px&#8221; header_2_font_size_last_edited=&#8221;on|phone&#8221;]<\/p>\n<h2>Dette skriver medierne om SWNX<\/h2>\n<p>[\/et_pb_text][\/et_pb_column][et_pb_column type=&#8221;1_2&#8243; _builder_version=&#8221;4.6.5&#8243; background_enable_image=&#8221;off&#8221; custom_padding=&#8221;220px||||false|false&#8221;][\/et_pb_column][\/et_pb_row][\/et_pb_section][et_pb_section fb_built=&#8221;1&#8243; _builder_version=&#8221;4.6.5&#8243; _module_preset=&#8221;default&#8221; background_color=&#8221;#f2f2f2&#8243; background_image=&#8221;https:\/\/swnx.dk\/wp-content\/uploads\/2020\/10\/gra\u030a.svg&#8221; parallax=&#8221;on&#8221; parallax_method=&#8221;off&#8221;][et_pb_row column_structure=&#8221;1_2,1_2&#8243; _builder_version=&#8221;4.8.1&#8243; max_width=&#8221;1240px&#8221;][et_pb_column type=&#8221;1_2&#8243; _builder_version=&#8221;4.4.8&#8243;][et_pb_text _builder_version=&#8221;4.4.8&#8243; custom_margin=&#8221;||1px|||&#8221;]<\/p>\n<p>Torsdag d. 16. Jan 2020<\/p>\n<p>[\/et_pb_text][et_pb_image src=&#8221;https:\/\/swnx.dk\/wp-content\/uploads\/2020\/06\/Sk\u00e6rmbillede-2020-06-29-kl.-14.51.32.png&#8221; title_text=&#8221;Sk\u00e6rmbillede 2020-06-29 kl. 14.51.32&#8243; url=&#8221;https:\/\/ekstrabladet.dk\/flash\/filmogtv\/afvist-i-loevens-hule-nu-gaar-salget-amok\/7956449&#8243; url_new_window=&#8221;on&#8221; force_fullwidth=&#8221;on&#8221; _builder_version=&#8221;4.6.5&#8243; custom_margin=&#8221;||59px|||&#8221;][\/et_pb_image][et_pb_text _builder_version=&#8221;4.4.8&#8243; custom_margin=&#8221;||0px|||&#8221;]<\/p>\n<p>Torsdag d. 27 dec 2018<\/p>\n<p>[\/et_pb_text][et_pb_image src=&#8221;https:\/\/swnx.dk\/wp-content\/uploads\/2020\/06\/Sk\u00e6rmbillede-2020-06-29-kl.-14.51.57.png&#8221; title_text=&#8221;Sk\u00e6rmbillede 2020-06-29 kl. 14.51.57&#8243; url=&#8221;https:\/\/jv.dk\/artikel\/dropper-fast-job-iv%C3%A6rks%C3%A6tter-satser-alt-p%C3%A5-fodgynge&#8221; url_new_window=&#8221;on&#8221; force_fullwidth=&#8221;on&#8221; _builder_version=&#8221;4.6.5&#8243; custom_margin=&#8221;||60px|||&#8221;][\/et_pb_image][et_pb_text _builder_version=&#8221;4.4.8&#8243; custom_margin=&#8221;||-1px|||&#8221;]<\/p>\n<p>Tirsdag d. 29 maj 2018<\/p>\n<p>[\/et_pb_text][et_pb_image src=&#8221;https:\/\/swnx.dk\/wp-content\/uploads\/2020\/06\/Sk\u00e6rmbillede-2020-06-29-kl.-14.52.11.png&#8221; title_text=&#8221;Sk\u00e6rmbillede 2020-06-29 kl. 14.52.11&#8243; url=&#8221;https:\/\/jv.dk\/artikel\/dubgaards-fodgynge-vinder-stor-designpris&#8221; url_new_window=&#8221;on&#8221; force_fullwidth=&#8221;on&#8221; _builder_version=&#8221;4.6.5&#8243;][\/et_pb_image][\/et_pb_column][et_pb_column type=&#8221;1_2&#8243; _builder_version=&#8221;4.4.8&#8243;][et_pb_text _builder_version=&#8221;4.4.8&#8243; custom_margin=&#8221;||1px|||&#8221;]<\/p>\n<p>Mandag d. 13 jan. 2020<\/p>\n<p>[\/et_pb_text][et_pb_image src=&#8221;https:\/\/swnx.dk\/wp-content\/uploads\/2020\/06\/Sk\u00e6rmbillede-2020-06-29-kl.-14.51.43.png&#8221; title_text=&#8221;Sk\u00e6rmbillede 2020-06-29 kl. 14.51.43&#8243; url=&#8221;https:\/\/www.zetland.dk\/historie\/sop1zYAY-a8dQKjjz-d0527&#8243; url_new_window=&#8221;on&#8221; force_fullwidth=&#8221;on&#8221; _builder_version=&#8221;4.6.5&#8243; custom_margin=&#8221;||59px|||&#8221;][\/et_pb_image][et_pb_text _builder_version=&#8221;4.4.8&#8243; custom_margin=&#8221;||2px|||&#8221;]<\/p>\n<p>Mandag d. 27. aug. 2018<\/p>\n<p>[\/et_pb_text][et_pb_image src=&#8221;https:\/\/swnx.dk\/wp-content\/uploads\/2020\/06\/Sk\u00e6rmbillede-2020-06-29-kl.-14.52.04.png&#8221; title_text=&#8221;Sk\u00e6rmbillede 2020-06-29 kl. 14.52.04&#8243; url=&#8221;https:\/\/www.youtube.com\/watch?v=lSTgyxPRg34&#8243; url_new_window=&#8221;on&#8221; force_fullwidth=&#8221;on&#8221; _builder_version=&#8221;4.6.5&#8243; custom_margin=&#8221;||60px|||&#8221;][\/et_pb_image][et_pb_text _builder_version=&#8221;4.4.8&#8243; custom_margin=&#8221;||-2px|||&#8221;]<\/p>\n<p>Tirsdag d. 0 dec. 2017<\/p>\n<p>[\/et_pb_text][et_pb_image src=&#8221;https:\/\/swnx.dk\/wp-content\/uploads\/2020\/06\/Sk\u00e6rmbillede-2020-06-29-kl.-14.52.19.png&#8221; title_text=&#8221;Sk\u00e6rmbillede 2020-06-29 kl. 14.52.19&#8243; url=&#8221;https:\/\/jv.dk\/artikel\/skolel%C3%A6rer-har-succes-med-opfindelse&#8221; url_new_window=&#8221;on&#8221; force_fullwidth=&#8221;on&#8221; _builder_version=&#8221;4.6.5&#8243;][\/et_pb_image][\/et_pb_column][\/et_pb_row][\/et_pb_section][et_pb_section fb_built=&#8221;1&#8243; _builder_version=&#8221;4.6.5&#8243; _module_preset=&#8221;default&#8221; background_color=&#8221;#a7333f&#8221; background_enable_image=&#8221;off&#8221; background_size=&#8221;contain&#8221; background_position=&#8221;top_center&#8221; custom_margin=&#8221;||||false|false&#8221; custom_padding=&#8221;59px||0px||false|false&#8221;][et_pb_row column_structure=&#8221;1_2,1_2&#8243; use_custom_gutter=&#8221;on&#8221; gutter_width=&#8221;2&#8243; custom_padding_last_edited=&#8221;on|tablet&#8221; _builder_version=&#8221;4.6.5&#8243; background_color=&#8221;#a7333f&#8221; background_enable_image=&#8221;off&#8221; parallax=&#8221;on&#8221; parallax_method=&#8221;off&#8221; z_index=&#8221;21&#8243; width_tablet=&#8221;100%&#8221; width_phone=&#8221;&#8221; width_last_edited=&#8221;on|tablet&#8221; max_width=&#8221;1250px&#8221; max_width_tablet=&#8221;2560%&#8221; max_width_phone=&#8221;&#8221; max_width_last_edited=&#8221;on|tablet&#8221; custom_margin=&#8221;|auto||auto|false|false&#8221; custom_padding=&#8221;0px||60px|||&#8221; custom_padding_tablet=&#8221;|80px|113px|80px|false|true&#8221; custom_padding_phone=&#8221;|20px|80px|20px|false|true&#8221;][et_pb_column type=&#8221;1_2&#8243; _builder_version=&#8221;4.4.2&#8243;][et_pb_text _builder_version=&#8221;4.6.5&#8243; text_font=&#8221;Poppins|300|||||||&#8221; text_text_color=&#8221;#ffffff&#8221; text_font_size=&#8221;15px&#8221; text_line_height=&#8221;0.9em&#8221; header_2_font=&#8221;Poppins|600|||||||&#8221; header_2_text_color=&#8221;#ffffff&#8221; header_2_font_size=&#8221;50px&#8221; custom_margin=&#8221;3px||||false|false&#8221; custom_margin_tablet=&#8221;&#8221; custom_margin_phone=&#8221;-2px||||false|false&#8221; custom_margin_last_edited=&#8221;on|phone&#8221; text_font_size_tablet=&#8221;&#8221; text_font_size_phone=&#8221;40px&#8221; text_font_size_last_edited=&#8221;on|phone&#8221; header_2_font_size_tablet=&#8221;&#8221; header_2_font_size_phone=&#8221;30px&#8221; header_2_font_size_last_edited=&#8221;on|phone&#8221;]<\/p>\n<h2>Pr\u00f8v SWNX i dag<\/h2>\n<p>[\/et_pb_text][et_pb_text _builder_version=&#8221;4.6.5&#8243; text_font=&#8221;Poppins|300|||||||&#8221; text_text_color=&#8221;#ffffff&#8221; text_font_size=&#8221;15px&#8221; header_2_font=&#8221;Poppins|500|||||||&#8221; custom_margin=&#8221;-11px||38px||false|false&#8221; custom_margin_tablet=&#8221;&#8221; custom_margin_phone=&#8221;||||false|false&#8221; custom_margin_last_edited=&#8221;on|phone&#8221; custom_padding=&#8221;|63px|||true|false&#8221;]<\/p>\n<p>Vil du gerne unders\u00f8ge, hvad fodgyngen SWNX kan g\u00f8re for dig i din arbejdsdag? S\u00e5 test en SWNX fodgynge i 30 dage. Bel\u00f8bet fratr\u00e6kkes, hvis du v\u00e6lger at k\u00f8be fodgyngen efter endt afpr\u00f8vning!<\/p>\n<p>[\/et_pb_text][et_pb_button button_url=&#8221;https:\/\/swnx.dk\/produkt\/afproevning\/&#8221; button_text=&#8221;Pr\u00f8v SWNX p\u00e5 jobbet&#8221; _builder_version=&#8221;4.6.5&#8243; custom_button=&#8221;on&#8221; button_text_color=&#8221;#a7333f&#8221; button_bg_color=&#8221;#ffffff&#8221; button_border_width=&#8221;0px&#8221; button_border_radius=&#8221;0px&#8221; button_font=&#8221;Poppins|600|||||||&#8221; custom_margin=&#8221;||||false|false&#8221; custom_padding=&#8221;15px|35px|15px|35px|true|true&#8221; button_text_size_tablet=&#8221;&#8221; button_text_size_phone=&#8221;14px&#8221; button_text_size_last_edited=&#8221;on|phone&#8221;][\/et_pb_button][\/et_pb_column][et_pb_column type=&#8221;1_2&#8243; _builder_version=&#8221;4.4.2&#8243;][et_pb_image src=&#8221;https:\/\/swnx.dk\/wp-content\/uploads\/2020\/11\/SWNX-51.jpg&#8221; title_text=&#8221;SWNX-51&#8243; _builder_version=&#8221;4.6.5&#8243; _module_preset=&#8221;default&#8221;][\/et_pb_image][\/et_pb_column][\/et_pb_row][\/et_pb_section][et_pb_section fb_built=&#8221;1&#8243; _builder_version=&#8221;4.6.5&#8243; background_enable_color=&#8221;off&#8221; background_enable_image=&#8221;off&#8221; parallax=&#8221;on&#8221; parallax_method=&#8221;off&#8221; custom_margin_tablet=&#8221;&#8221; custom_margin_phone=&#8221;||109px||false|false&#8221; custom_margin_last_edited=&#8221;on|phone&#8221; custom_padding=&#8221;0px||0px||true|false&#8221;][et_pb_row _builder_version=&#8221;4.4.2&#8243; background_enable_image=&#8221;off&#8221; parallax=&#8221;on&#8221; parallax_method=&#8221;off&#8221; max_width=&#8221;1250px&#8221; custom_padding=&#8221;80px||0px||false|false&#8221;][et_pb_column type=&#8221;4_4&#8243; _builder_version=&#8221;4.4.2&#8243;][et_pb_text _builder_version=&#8221;4.9.0&#8243; text_font=&#8221;Poppins|600|||||||&#8221; text_text_color=&#8221;#333333&#8243; text_font_size=&#8221;50px&#8221; text_line_height=&#8221;0.9em&#8221; width_tablet=&#8221;&#8221; width_phone=&#8221;100%&#8221; width_last_edited=&#8221;on|phone&#8221; custom_margin=&#8221;||-48px|0px|false|false&#8221; custom_margin_tablet=&#8221;&#8221; custom_margin_phone=&#8221;||||false|false&#8221; custom_margin_last_edited=&#8221;on|phone&#8221; custom_padding=&#8221;||||false|false&#8221; text_font_size_tablet=&#8221;&#8221; text_font_size_phone=&#8221;30px&#8221; text_font_size_last_edited=&#8221;on|phone&#8221; module_alignment_tablet=&#8221;&#8221; module_alignment_phone=&#8221;right&#8221; module_alignment_last_edited=&#8221;on|phone&#8221;]<\/p>\n<p style=\"text-align: center;\">De som allerede har pr\u00f8vet Swnx<\/p>\n<p style=\"text-align: center;\">[\/et_pb_text][\/et_pb_column][\/et_pb_row][et_pb_row column_structure=&#8221;1_4,1_4,1_4,1_4&#8243; _builder_version=&#8221;4.4.2&#8243; background_enable_image=&#8221;off&#8221; parallax=&#8221;on&#8221; parallax_method=&#8221;off&#8221; max_width=&#8221;1250px&#8221; custom_padding=&#8221;0px||0px|||&#8221;][et_pb_column type=&#8221;1_4&#8243; _builder_version=&#8221;4.4.2&#8243;][et_pb_image src=&#8221;https:\/\/swnx.dk\/wp-content\/uploads\/2020\/04\/Danfoss.png&#8221; _builder_version=&#8221;4.6.5&#8243; width_tablet=&#8221;&#8221; width_phone=&#8221;45%&#8221; width_last_edited=&#8221;on|phone&#8221; module_alignment=&#8221;center&#8221; custom_margin=&#8221;52px||||false|false&#8221;][\/et_pb_image][\/et_pb_column][et_pb_column type=&#8221;1_4&#8243; _builder_version=&#8221;4.4.2&#8243;][et_pb_image src=&#8221;https:\/\/swnx.dk\/wp-content\/uploads\/2020\/04\/SR.png&#8221; _builder_version=&#8221;4.6.5&#8243; width=&#8221;100%&#8221; width_tablet=&#8221;&#8221; width_phone=&#8221;50%&#8221; width_last_edited=&#8221;on|phone&#8221; module_alignment=&#8221;center&#8221; custom_margin=&#8221;0px||||false|false&#8221; custom_margin_tablet=&#8221;&#8221; custom_margin_phone=&#8221;-95px||||false|false&#8221; custom_margin_last_edited=&#8221;on|phone&#8221;][\/et_pb_image][\/et_pb_column][et_pb_column type=&#8221;1_4&#8243; _builder_version=&#8221;4.4.2&#8243;][et_pb_image src=&#8221;https:\/\/swnx.dk\/wp-content\/uploads\/2020\/04\/EY-3.png&#8221; _builder_version=&#8221;4.6.5&#8243; width_tablet=&#8221;&#8221; width_phone=&#8221;51%&#8221; width_last_edited=&#8221;on|phone&#8221; module_alignment=&#8221;center&#8221; custom_margin=&#8221;79px||||false|false&#8221; custom_margin_tablet=&#8221;&#8221; custom_margin_phone=&#8221;-90px||||false|false&#8221; custom_margin_last_edited=&#8221;on|phone&#8221;][\/et_pb_image][\/et_pb_column][et_pb_column type=&#8221;1_4&#8243; _builder_version=&#8221;4.4.2&#8243;][et_pb_image src=&#8221;https:\/\/swnx.dk\/wp-content\/uploads\/2020\/04\/BroagerSparekasse.png&#8221; _builder_version=&#8221;4.6.5&#8243; width_tablet=&#8221;&#8221; width_phone=&#8221;50%&#8221; width_last_edited=&#8221;on|phone&#8221; module_alignment=&#8221;center&#8221; custom_margin=&#8221;-50px||||false|false&#8221; custom_margin_tablet=&#8221;&#8221; custom_margin_phone=&#8221;-90px||-86px||false|false&#8221; custom_margin_last_edited=&#8221;on|phone&#8221;][\/et_pb_image][\/et_pb_column][\/et_pb_row][\/et_pb_section][et_pb_section fb_built=&#8221;1&#8243; _builder_version=&#8221;4.6.5&#8243; _module_preset=&#8221;default&#8221; background_color=&#8221;rgba(167,51,63,0)&#8221; background_image=&#8221;https:\/\/swnx.dk\/wp-content\/uploads\/2020\/11\/desktop-2.svg&#8221; custom_margin_tablet=&#8221;&#8221; custom_margin_phone=&#8221;-40px||-40px||true|true&#8221; custom_margin_last_edited=&#8221;on|phone&#8221; custom_padding=&#8221;22px||22px||true|&#8221; background_last_edited=&#8221;on|tablet&#8221; background_image_phone=&#8221;https:\/\/swnx.dk\/wp-content\/uploads\/2020\/11\/mobil.svg&#8221; background_enable_image_phone=&#8221;on&#8221; box_shadow_style=&#8221;preset6&#8243; global_module=&#8221;1697&#8243; saved_tabs=&#8221;all&#8221; title_text_phone=&#8221;mobil&#8221;][et_pb_row column_structure=&#8221;1_2,1_2&#8243; _builder_version=&#8221;4.8.1&#8243; _module_preset=&#8221;default&#8221; max_width=&#8221;1250px&#8221;][et_pb_column type=&#8221;1_2&#8243; _builder_version=&#8221;4.6.5&#8243; _module_preset=&#8221;default&#8221;][et_pb_signup mailchimp_list=&#8221;1bc76bd711&#8243; name_field=&#8221;on&#8221; success_message=&#8221;Tak for din tilmelding&#8221; title=&#8221;Tilmeld dig vores nyhedsbrev&#8221; button_text=&#8221;Tilmeld&#8221; description=&#8221;<\/p>\n<p>V\u00e6r den f\u00f8rste til at h\u00f8re de nyeste nyheder og annonceringer. F\u00e5 tips og tricks til et bedre skole- og kontormilj\u00f8, og deltag i sp\u00e6ndende<br \/> konkurrencer.<\/p>\n<p>&#8221; _builder_version=&#8221;4.9.0&#8243; _module_preset=&#8221;default&#8221; form_field_background_color=&#8221;#ffffff&#8221; form_field_text_color=&#8221;#878787&#8243; form_field_focus_background_color=&#8221;#ffffff&#8221; header_font=&#8221;|700|||||||&#8221; header_text_color=&#8221;#000000&#8243; header_font_size=&#8221;30px&#8221; body_font=&#8221;||||||||&#8221; body_text_align=&#8221;center&#8221; body_text_color=&#8221;#000000&#8243; body_font_size=&#8221;16px&#8221; background_enable_color=&#8221;off&#8221; custom_button=&#8221;on&#8221; button_text_color=&#8221;#ffffff&#8221; button_bg_color=&#8221;#a7333f&#8221; button_border_width=&#8221;0px&#8221; button_border_radius=&#8221;0px&#8221; button_custom_padding=&#8221;9px||9px||true|false&#8221; custom_margin=&#8221;||||true|false&#8221; custom_padding=&#8221;0px||50px||false|false&#8221; animation_style=&#8221;slide&#8221; animation_direction=&#8221;bottom&#8221; header_line_height_tablet=&#8221;&#8221; header_line_height_phone=&#8221;1.2em&#8221; header_line_height_last_edited=&#8221;on|phone&#8221; border_radii_fields=&#8221;on|0px|0px|0px|0px&#8221;][\/et_pb_signup][\/et_pb_column][et_pb_column type=&#8221;1_2&#8243; _builder_version=&#8221;4.6.5&#8243; _module_preset=&#8221;default&#8221;][\/et_pb_column][\/et_pb_row][\/et_pb_section][et_pb_section fb_built=&#8221;1&#8243; _builder_version=&#8221;4.6.5&#8243; _module_preset=&#8221;default&#8221; background_color=&#8221;#383e42&#8243; background_enable_image=&#8221;off&#8221; parallax=&#8221;on&#8221; parallax_method=&#8221;off&#8221; z_index=&#8221;33&#8243; custom_margin=&#8221;-10px||||false|false&#8221; custom_padding=&#8221;0px||0px||false|false&#8221; global_module=&#8221;1596&#8243; saved_tabs=&#8221;all&#8221;][et_pb_row column_structure=&#8221;1_4,1_4,1_4,1_4&#8243; use_custom_gutter=&#8221;on&#8221; _builder_version=&#8221;4.8.1&#8243; _module_preset=&#8221;default&#8221; background_color=&#8221;#383e42&#8243; module_alignment=&#8221;center&#8221; custom_margin=&#8221;||||false|false&#8221; custom_padding=&#8221;66px|0%|50px|0%|false|false&#8221;][et_pb_column type=&#8221;1_4&#8243; _builder_version=&#8221;4.6.5&#8243; _module_preset=&#8221;default&#8221;][et_pb_text _builder_version=&#8221;4.6.5&#8243; text_font=&#8221;Poppins||||||||&#8221; text_text_color=&#8221;#ffffff&#8221; text_font_size=&#8221;16px&#8221; text_line_height=&#8221;1.8em&#8221; header_text_color=&#8221;#ffffff&#8221; header_4_font=&#8221;Poppins|700|||||||&#8221; header_4_text_color=&#8221;#ffffff&#8221; header_4_font_size=&#8221;20px&#8221; header_4_line_height=&#8221;1.7em&#8221; custom_margin=&#8221;|44px|40px|||&#8221; text_font_size_tablet=&#8221;&#8221; text_font_size_phone=&#8221;19px&#8221; text_font_size_last_edited=&#8221;on|phone&#8221;]<\/p>\n<h4>Quick links<\/h4>\n<p><a href=\"https:\/\/swnx.dk\/forhandler\/\">Forhandlere<\/a><\/p>\n<p><a href=\"https:\/\/swnx.dk\/monteringsvejledning\/\">Guides<\/a><\/p>\n<p><a href=\"https:\/\/swnx.dk\/nyheder\/\">Pressen<\/a><\/p>\n<p>[\/et_pb_text][\/et_pb_column][et_pb_column type=&#8221;1_4&#8243; _builder_version=&#8221;4.6.5&#8243; _module_preset=&#8221;default&#8221;][et_pb_text _builder_version=&#8221;4.6.5&#8243; text_font=&#8221;Poppins||||||||&#8221; text_text_color=&#8221;#ffffff&#8221; text_font_size=&#8221;16px&#8221; text_line_height=&#8221;1.8em&#8221; header_text_color=&#8221;#ffffff&#8221; header_4_font=&#8221;Poppins|700|||||||&#8221; header_4_text_color=&#8221;#ffffff&#8221; header_4_font_size=&#8221;20px&#8221; header_4_line_height=&#8221;1.7em&#8221; custom_margin=&#8221;|44px|40px|||&#8221; text_font_size_tablet=&#8221;&#8221; text_font_size_phone=&#8221;19px&#8221; text_font_size_last_edited=&#8221;on|phone&#8221;]<\/p>\n<h4>Legal<\/h4>\n<p><a href=\"https:\/\/swnx.dk\/privatlivspolitik\/\">Cookie- og privatlivspolitik<\/a><\/p>\n<p><a href=\"https:\/\/swnx.dk\/handelsbetingelser\/\">Handelsbetingelser<\/a><\/p>\n<p>[\/et_pb_text][\/et_pb_column][et_pb_column type=&#8221;1_4&#8243; _builder_version=&#8221;4.6.5&#8243; _module_preset=&#8221;default&#8221; border_width_right=&#8221;1px&#8221; border_color_right=&#8221;#ffffff&#8221; border_width_right_tablet=&#8221;&#8221; border_width_right_phone=&#8221;0px&#8221; border_width_right_last_edited=&#8221;on|phone&#8221;][et_pb_text _builder_version=&#8221;4.8.1&#8243; text_font=&#8221;Poppins||||||||&#8221; text_text_color=&#8221;#ffffff&#8221; text_font_size=&#8221;16px&#8221; text_line_height=&#8221;1.8em&#8221; header_text_color=&#8221;#ffffff&#8221; header_4_font=&#8221;Poppins|700|||||||&#8221; header_4_text_color=&#8221;#ffffff&#8221; header_4_font_size=&#8221;20px&#8221; header_4_line_height=&#8221;1.7em&#8221; custom_margin=&#8221;|44px|40px|||&#8221; text_font_size_tablet=&#8221;&#8221; text_font_size_phone=&#8221;19px&#8221; text_font_size_last_edited=&#8221;on|phone&#8221;]<\/p>\n<h4>Hj\u00e6lp<\/h4>\n<p><a href=\"https:\/\/swnx.dk\/kontakt-os\/\">Kontakt<\/a><\/p>\n<p><a href=\"https:\/\/swnx.dk\/faq\/\">FAQ<\/a><\/p>\n<p><a href=\"https:\/\/swnx.dk\/handelsbetingelser\/\">Fragt<\/a><\/p>\n<p><a href=\"https:\/\/swnx.dk\/handelsbetingelser\/\">Retur<\/a><\/p>\n<p><a href=\"https:\/\/swnx.dk\/stoerrelses-guide\/\">St\u00f8rrelsesguide<\/a><\/p>\n<p>[\/et_pb_text][\/et_pb_column][et_pb_column type=&#8221;1_4&#8243; _builder_version=&#8221;4.6.5&#8243; _module_preset=&#8221;default&#8221;][et_pb_text _builder_version=&#8221;4.6.5&#8243; custom_margin=&#8221;||||false|false&#8221; custom_margin_tablet=&#8221;|||0px|false|false&#8221; custom_margin_phone=&#8221;|||0px|false|false&#8221; custom_margin_last_edited=&#8221;on|phone&#8221;]<\/p>\n<p><img loading=\"lazy\" decoding=\"async\" src=\"https:\/\/swnx.dk\/wp-content\/uploads\/2020\/04\/Asset-1.svg\" width=\"207\" height=\"87\" alt=\"\" class=\"wp-image-21 alignnone size-full\" \/><\/p>\n<p>[\/et_pb_text][et_pb_text _builder_version=&#8221;4.6.5&#8243; text_font=&#8221;Poppins||||||||&#8221; text_text_color=&#8221;#ffffff&#8221; text_font_size=&#8221;16px&#8221; text_line_height=&#8221;0.6em&#8221; link_text_color=&#8221;#ffffff&#8221; header_4_font=&#8221;Poppins||||||||&#8221; header_4_text_color=&#8221;#ffffff&#8221; header_4_font_size=&#8221;20px&#8221; header_4_line_height=&#8221;1.7em&#8221; custom_margin=&#8221;||||false|false&#8221; custom_margin_tablet=&#8221;|||0px|false|false&#8221; custom_margin_phone=&#8221;|||0px|false|false&#8221; custom_margin_last_edited=&#8221;on|phone&#8221; text_font_size_tablet=&#8221;&#8221; text_font_size_phone=&#8221;19px&#8221; text_font_size_last_edited=&#8221;on|phone&#8221;]<\/p>\n<h4>Kontakt os:<\/h4>\n<p>Resense Denmark<\/p>\n<p>Elleg\u00e5rvej 36<\/p>\n<p>6400 S\u00f8nderborg<\/p>\n<p>&nbsp;<\/p>\n<p><a href=\"mailto:sales@resense.dk\"><span class=\"elementor-icon-list-text\">sales@resense.dk<\/span><\/a><\/p>\n<p><span class=\"elementor-icon-list-icon\"><i aria-hidden=\"true\" class=\"fas fa-phone\"><\/i><\/span><span class=\"elementor-icon-list-text\">+45 22 94 01 38<\/span><\/p>\n<p>[\/et_pb_text][et_pb_social_media_follow icon_color=&#8221;#ffffff&#8221; use_icon_font_size=&#8221;on&#8221; icon_font_size=&#8221;28px&#8221; _builder_version=&#8221;4.6.5&#8243; custom_button=&#8221;on&#8221; width=&#8221;100%&#8221; max_width=&#8221;100%&#8221; custom_margin=&#8221;|||-19px||&#8221; custom_padding=&#8221;|0px||0px||&#8221;][et_pb_social_media_follow_network social_network=&#8221;facebook&#8221; url=&#8221;https:\/\/www.facebook.com\/reSWNX\/&#8221; icon_color=&#8221;#ffffff&#8221; _builder_version=&#8221;4.6.5&#8243; background_enable_color=&#8221;off&#8221; custom_button=&#8221;on&#8221; button_text_size=&#8221;1px&#8221; button_border_width=&#8221;0px&#8221; button_border_radius=&#8221;0px&#8221; follow_button=&#8221;off&#8221; url_new_window=&#8221;on&#8221;]facebook[\/et_pb_social_media_follow_network][et_pb_social_media_follow_network social_network=&#8221;linkedin&#8221; url=&#8221;https:\/\/www.linkedin.com\/company\/resense-dk\/&#8221; icon_color=&#8221;#ffffff&#8221; _builder_version=&#8221;4.6.5&#8243; background_color=&#8221;rgba(0,0,0,0)&#8221; background_enable_color=&#8221;on&#8221; follow_button=&#8221;off&#8221; url_new_window=&#8221;on&#8221;]linkedin[\/et_pb_social_media_follow_network][et_pb_social_media_follow_network social_network=&#8221;instagram&#8221; url=&#8221;https:\/\/www.instagram.com\/swnx.dk\/&#8221; icon_color=&#8221;#ffffff&#8221; _builder_version=&#8221;4.6.5&#8243; background_enable_color=&#8221;off&#8221; follow_button=&#8221;off&#8221; url_new_window=&#8221;on&#8221;]instagram[\/et_pb_social_media_follow_network][\/et_pb_social_media_follow][\/et_pb_column][\/et_pb_row][et_pb_row _builder_version=&#8221;4.9.0&#8243; _module_preset=&#8221;default&#8221;][et_pb_column type=&#8221;4_4&#8243; _builder_version=&#8221;4.9.0&#8243; _module_preset=&#8221;default&#8221;][\/et_pb_column][\/et_pb_row][\/et_pb_section]<\/p>\n","protected":false},"excerpt":{"rendered":"<p>Dette skriver medierne om SWNXTorsdag d. 16. Jan 2020Torsdag d. 27 dec 2018Tirsdag d. 29 maj 2018Mandag d. 13 jan. 2020Mandag d. 27. aug. 2018Tirsdag d. 0 dec. 2017Pr\u00f8v SWNX i dagVil du gerne unders\u00f8ge, hvad fodgyngen SWNX kan g\u00f8re for dig i din arbejdsdag? S\u00e5 test en SWNX fodgynge i 30 dage. Bel\u00f8bet fratr\u00e6kkes, [&hellip;]<\/p>\n","protected":false},"author":1,"featured_media":0,"parent":0,"menu_order":0,"comment_status":"closed","ping_status":"closed","template":"","meta":{"_et_pb_use_builder":"on","_et_pb_old_content":"","_et_gb_content_width":"","footnotes":""},"class_list":["post-1517","page","type-page","status-publish","hentry"],"_links":{"self":[{"href":"https:\/\/swnx.dk\/en\/wp-json\/wp\/v2\/pages\/1517","targetHints":{"allow":["GET"]}}],"collection":[{"href":"https:\/\/swnx.dk\/en\/wp-json\/wp\/v2\/pages"}],"about":[{"href":"https:\/\/swnx.dk\/en\/wp-json\/wp\/v2\/types\/page"}],"author":[{"embeddable":true,"href":"https:\/\/swnx.dk\/en\/wp-json\/wp\/v2\/users\/1"}],"replies":[{"embeddable":true,"href":"https:\/\/swnx.dk\/en\/wp-json\/wp\/v2\/comments?post=1517"}],"version-history":[{"count":5,"href":"https:\/\/swnx.dk\/en\/wp-json\/wp\/v2\/pages\/1517\/revisions"}],"predecessor-version":[{"id":2747,"href":"https:\/\/swnx.dk\/en\/wp-json\/wp\/v2\/pages\/1517\/revisions\/2747"}],"wp:attachment":[{"href":"https:\/\/swnx.dk\/en\/wp-json\/wp\/v2\/media?parent=1517"}],"curies":[{"name":"wp","href":"https:\/\/api.w.org\/{rel}","templated":true}]}}