{"id":2040,"date":"2020-12-14T10:08:57","date_gmt":"2020-12-14T09:08:57","guid":{"rendered":"https:\/\/demobyro.dk\/swnx\/?page_id=2040"},"modified":"2021-03-31T11:47:16","modified_gmt":"2021-03-31T09:47:16","slug":"handelsbetingelser","status":"publish","type":"page","link":"https:\/\/swnx.dk\/en\/handelsbetingelser\/","title":{"rendered":"Terms of Trade"},"content":{"rendered":"<p>[et_pb_section fb_built=&#8221;1&#8243; _builder_version=&#8221;4.6.5&#8243; use_background_color_gradient=&#8221;on&#8221; background_color_gradient_start=&#8221;rgba(0,0,0,0)&#8221; background_color_gradient_end=&#8221;rgba(0,0,0,0.55)&#8221; background_color_gradient_overlays_image=&#8221;on&#8221; background_image=&#8221;https:\/\/swnx.dk\/wp-content\/uploads\/2020\/08\/billede-af-sko-til-skoleside-A2-scaled.jpg&#8221; custom_padding=&#8221;80px||0px||false|false&#8221;][et_pb_row column_structure=&#8221;3_5,2_5&#8243; use_custom_gutter=&#8221;on&#8221; gutter_width=&#8221;2&#8243; custom_padding_last_edited=&#8221;on|tablet&#8221; _builder_version=&#8221;4.6.5&#8243; background_enable_color=&#8221;off&#8221; background_enable_image=&#8221;off&#8221; parallax=&#8221;on&#8221; width_tablet=&#8221;100%&#8221; width_phone=&#8221;&#8221; width_last_edited=&#8221;on|tablet&#8221; max_width=&#8221;1250px&#8221; max_width_tablet=&#8221;2560%&#8221; max_width_phone=&#8221;&#8221; max_width_last_edited=&#8221;on|tablet&#8221; height=&#8221;200px&#8221; custom_margin=&#8221;|auto|0px|auto|false|false&#8221; custom_padding=&#8221;||0px|||&#8221; custom_padding_tablet=&#8221;|80px|113px|80px|false|true&#8221; custom_padding_phone=&#8221;|20px|113px|20px|false|true&#8221;][et_pb_column type=&#8221;3_5&#8243; _builder_version=&#8221;4.4.2&#8243;][et_pb_text _builder_version=&#8221;4.6.5&#8243; text_font=&#8221;Poppins|300|||||||&#8221; header_font=&#8221;Poppins||||||||&#8221; header_text_color=&#8221;#333333&#8243; header_2_font=&#8221;Poppins|600|||||||&#8221; header_2_text_color=&#8221;#ffffff&#8221; header_2_font_size=&#8221;60px&#8221; custom_margin=&#8221;|-2px|||false|false&#8221; custom_margin_tablet=&#8221;&#8221; custom_margin_phone=&#8221;||||false|false&#8221; custom_margin_last_edited=&#8221;on|phone&#8221; custom_padding=&#8221;||||true|true&#8221; custom_padding_tablet=&#8221;&#8221; custom_padding_phone=&#8221;&#8221; custom_padding_last_edited=&#8221;on|desktop&#8221; header_2_font_size_tablet=&#8221;&#8221; header_2_font_size_phone=&#8221;30px&#8221; header_2_font_size_last_edited=&#8221;on|phone&#8221;]<\/p>\n<h2>Handelsbetingelser<\/h2>\n<p>[\/et_pb_text][\/et_pb_column][et_pb_column type=&#8221;2_5&#8243; _builder_version=&#8221;4.6.5&#8243; background_enable_image=&#8221;off&#8221; custom_padding=&#8221;0px||0px||true|false&#8221;][\/et_pb_column][\/et_pb_row][\/et_pb_section][et_pb_section fb_built=&#8221;1&#8243; custom_padding_last_edited=&#8221;on|desktop&#8221; _builder_version=&#8221;4.6.5&#8243; background_enable_color=&#8221;off&#8221; background_enable_image=&#8221;off&#8221; parallax=&#8221;on&#8221; parallax_method=&#8221;off&#8221; custom_margin=&#8221;-5px||||false|false&#8221; custom_margin_tablet=&#8221;&#8221; custom_margin_phone=&#8221;54px||||false|false&#8221; custom_margin_last_edited=&#8221;on|phone&#8221; custom_padding=&#8221;||||false|false&#8221; custom_padding_tablet=&#8221;&#8221; custom_padding_phone=&#8221;0px||0px||false|false&#8221;][et_pb_row custom_padding_last_edited=&#8221;on|tablet&#8221; _builder_version=&#8221;4.9.2&#8243; background_enable_image=&#8221;off&#8221; parallax=&#8221;on&#8221; width_tablet=&#8221;100%&#8221; width_phone=&#8221;&#8221; width_last_edited=&#8221;on|tablet&#8221; max_width=&#8221;1250px&#8221; max_width_tablet=&#8221;2560%&#8221; max_width_phone=&#8221;&#8221; max_width_last_edited=&#8221;on|tablet&#8221; custom_margin_tablet=&#8221;&#8221; custom_margin_phone=&#8221;||-80px||false|false&#8221; custom_margin_last_edited=&#8221;on|phone&#8221; custom_padding=&#8221;0px||87px|||&#8221; custom_padding_tablet=&#8221;|80px||80px|false|true&#8221; custom_padding_phone=&#8221;|30px||20px|false|false&#8221; hover_enabled=&#8221;0&#8243; sticky_enabled=&#8221;0&#8243;][et_pb_column type=&#8221;4_4&#8243; _builder_version=&#8221;4.9.2&#8243; hover_enabled=&#8221;0&#8243; sticky_enabled=&#8221;0&#8243;][et_pb_text disabled_on=&#8221;off|off|off&#8221; _builder_version=&#8221;4.9.2&#8243; text_font=&#8221;Poppins|300|||||||&#8221; text_text_color=&#8221;#4c4c4c&#8221; text_font_size=&#8221;15px&#8221; header_2_font=&#8221;Poppins|700|||||||&#8221; custom_margin=&#8221;||||false|false&#8221; custom_margin_tablet=&#8221;&#8221; custom_margin_phone=&#8221;||||false|false&#8221; custom_margin_last_edited=&#8221;on|phone&#8221; custom_padding=&#8221;|63px|||true|false&#8221; hover_enabled=&#8221;0&#8243; sticky_enabled=&#8221;0&#8243;]<\/p>\n<p>Vi forbeholder os ret til at foretage \u00e6ndringer i priser og sortiment. Der tages samtidig forbehold for udsolgte og ikke-indkomne varer samt for trykfejl.<\/p>\n<p>&nbsp;<\/p>\n<h2><strong>Firmadata<\/strong><\/h2>\n<p><strong>Juridisk navn:<\/strong>\u00a0Resense Denmark ApS<br \/><strong>CVR-nr.:\u00a0<\/strong>38500392<br \/><strong>Adresse:\u00a0<\/strong>Elleg\u00e5rdvej 36, 6400 S\u00f8nderborg<br \/><strong>E-mailadresse:\u00a0<\/strong>Sales@swnx.dk<br \/><strong>Telefonnummer:\u00a0<\/strong>+45 22 94 01 38<\/p>\n<p>&nbsp;<\/p>\n<h3><strong>14 dages retur- og fortrydelsesret<\/strong><\/h3>\n<p>Du har 14 dages retur- og fortrydelsesret. Inden for de 14 dage kan du meddele os, at du fortryder k\u00f8bet og derefter returnere varen til os.<br \/>Retur- og fortrydelsesretten l\u00f8ber fra den dag, du har modtaget din bestilling. Udl\u00f8ber fristen p\u00e5 en helligdag, l\u00f8rdag, grundlovsdag, juleaftensdag eller nyt\u00e5rsaftensdag forl\u00e6nges fristen til den f\u00f8lgende hverdag. I tilf\u00e6lde af flere forskellige varer, som er bestilt i \u00e9n ordre, men leveret enkeltvis, l\u00f8ber retur- og fortrydelsesretten fra modtagelsen af den sidste vare.<\/p>\n<p>For at g\u00f8re brug af retur- og fortrydelsesretten skal du meddele os dette senest 14 dage efter modtagelsen af varen. Du kan kontakte os p\u00e5 tlf. 22940138 eller\u00a0sales@resense.dk. Herefter vil du p\u00e5 mail modtage en returblanket.<\/p>\n<p>N\u00e5r vi har modtaget varen, tjekker vi den og tilbagebetaler det bel\u00f8b, som du har betalt ved k\u00f8bet (inkl. leveringsomkostninger). Returvarer behandles senest 14 dage efter modtagelsen.<\/p>\n<p>&nbsp;<\/p>\n<h4>Returnering<\/h4>\n<p>Hvis du fortryder dit k\u00f8b, skal varen sendes retur til f\u00f8lgende adresse:<\/p>\n<p>Resense Denmark ApS<br \/>Elleg\u00e5rdvej 36<br \/>6400 S\u00f8nderborg<\/p>\n<p>Husk at vedl\u00e6gge returformularen, hvorp\u00e5 du skriver dit ordrenummer, og hvad du \u00f8nsker (f.eks. ny vare, penge retur). Har du betalt med betalingskort, overf\u00f8rer vi pengene til dit kort igen. Pengene kan ikke udbetales til en anden konto.<\/p>\n<p>Ved returnering af varen b\u00f8r du sikre dig, at varen er forsvarligt indpakket. Du har selv ansvaret for pakken, indtil vi modtager den. Derudover skal du ved eftersp\u00f8rgsler om returvarer kunne bevise, at du har sendt pakken retur. Gem derfor ogs\u00e5 postkvittering samt evt. track and trace nummer. Omkostninger i forbindelse med returnering af varen p\u00e5hviler dig som kunde.<\/p>\n<p>Du skal selv betale for returfragten, n\u00e5r du benytter dig af din retur- og fortrydelsesret. Vi anbefaler ogs\u00e5, at du sender varen tilbage i original emballage, da mangel p\u00e5 original emballage kan tr\u00e6kke ned i vurderingen af varens salgsv\u00e6rdi. L\u00e6s mere herom i afsnittet \u201dVurdering af varens salgsv\u00e6rdi\u201d, som du finder herunder.<\/p>\n<p>OBS: Vi forventer, at du afsender varen hurtigst muligt, efter du har givet besked om, at du fortryder dit k\u00f8b. Du skal sende varen retur senest 14 dage, efter du har fortrudt. Vi modtager ikke pakker sendt pr. efterkrav.<\/p>\n<p>&nbsp;<\/p>\n<h4>Vurdering af varens salgsv\u00e6rdi<\/h4>\n<p>Som forbruger kan du fortryde k\u00f8bet, efter du har testet varen. Dog kan du helt eller delvist miste dit k\u00f8bsbel\u00f8b, hvis varen er brugt\/afpr\u00f8vet ud over, hvad der er muligt i en fysisk butik. Varens v\u00e6rdi kan v\u00e6re blevet forringet, fordi<br \/>du reelt har taget varen i brug.<br \/>varen er blevet beskadiget, mens du havde ansvaret for den.<br \/>du har h\u00e5ndteret varen p\u00e5 en anden m\u00e5de, end det var n\u00f8dvendigt for at kunne fastsl\u00e5 varens art, egenskab og funktion.<br \/>du har brudt varens plombering, original emballage eller lignende.<br \/>Hvis varens v\u00e6rdi er blevet forringet, laver vi en konkret vurdering af, hvad den brugte vare kan s\u00e6lges for til en anden forbruger. En evt. v\u00e6rdiforringelse f\u00e5r du ikke retur.<\/p>\n<p>&nbsp;<\/p>\n<h3>Reklamationsret<\/h3>\n<p>I henhold til k\u00f8beloven er der 24 m\u00e5neders reklamationsret p\u00e5 varer med fabrikations- og\/eller materialefejl (mangler) k\u00f8bt p\u00e5\u00a0Resense.dk. Vi anbefaler, at du gemmer fakturaen som garantibevis. Afh\u00e6ngig af den konkrete situation betyder det, at du kan f\u00e5 varen repareret, ombyttet, pengene tilbage eller afslag i prisen. Dette er betinget af, at reklamationen er berettiget, og at manglen ikke er opst\u00e5et som f\u00f8lge af fejlagtig brug af produktet eller anden skadesforvoldende adf\u00e6rd.<\/p>\n<p>Har du opdaget en mangel ved varen, skal du if\u00f8lge lovgivningen reklamere inden for \u201drimelig tid\u201d. Vi anbefaler, du reklamerer s\u00e5 hurtigt som muligt (senest to m\u00e5neder efter fejlen blev opdaget) og giver os en detaljeret beskrivelse af fejlen. Du kan reklamere ved at sende en mail til\u00a0sales@resense.dk\u00a0eller ringe p\u00e5 tlf. 2940138. Derefter skal du sende varen retur med returlabelen, som du modtager, n\u00e5r du har kontaktet os.<\/p>\n<p>Bem\u00e6rk:\u00a0Reklamationsretten d\u00e6kker ikke fejl, skader eller slitage, der er direkte eller indirekte opst\u00e5et som f\u00f8lge af forkert brug, ringe vedligeholdelse, vold eller uautoriserede indgreb.<\/p>\n<p>&nbsp;<\/p>\n<h3>Klagemuligheder<\/h3>\n<p>Det er muligt at indgive en klage over en vare k\u00f8bt hos os til Konkurrence- og Forbrugerstyrelsens Center for Klagel\u00f8sning, Carl Jacobsens Vej 35, 2500 Valby. Du kan klage til Center for Klagel\u00f8sning via\u00a0www.forbrug.dk.<\/p>\n<p>Hvis du \u00f8nsker at angive en klage, kan du ogs\u00e5 anvende EU-Kommissionens online klageportal. Det er s\u00e6rligt relevant, hvis du er forbruger med bop\u00e6l i et andet EU-land end Danmark. Klagen indgives\u00a0her. Hvis du indgiver en klage, skal du angive vores e-mailadresse: <a href=\"mailto:sales@resense.dk\">sales@resense.dk<\/a><\/p>\n<p>&nbsp;<\/p>\n<h3>Persondatapolitik<\/h3>\n<p>N\u00e5r du bestiller varer p\u00e5 ReSense.dk, skal du som minimum oplyse f\u00f8lgende:<br \/>Navn\/Skole\/Firma<br \/>Adresse, postnummer og by<br \/>E-mail-adresse<br \/>Telefonnummer<br \/>Ovenst\u00e5ende oplysninger bruger vi i forbindelse med forsendelsen af din bestilling, eller s\u00e5fremt det er n\u00f8dvendigt at kontakte dig i forbindelse med behandlingen af din bestilling.<\/p>\n<p>Har du k\u00f8bt en vare p\u00e5\u00a0ReSense.dk, har vi if\u00f8lge bogf\u00f8ringsloven pligt til at opbevare disse informationer i minimum 5 \u00e5r. Vi behandler dine kontaktinformationer fortroligt og gemmer dem i en database, som kun medarbejdere hos\u00a0Lin\u00e5\u00a0A\/S har adgang til.<\/p>\n<p>De oplysninger, du som k\u00f8ber opgiver, n\u00e5r du bestiller i vores webshop, betragtes som fortrolige. Oplysningerne videregives eller s\u00e6lges p\u00e5 ingen m\u00e5de til tredjepart (dog undtaget koncernforbundne selskaber), medmindre der er tale om s\u00e6rlige omst\u00e6ndigheder, f.eks. krav om udlevering af data fra en dansk myndighed iht. dansk lovgivning eller et helt eller delvist salg af virksomheden. Videregives dine oplysninger i forbindelse med virksomheds\u00e6ndringer, vil det ske i overensstemmelse med den til enhver tid g\u00e6ldende persondatalovgivning.<\/p>\n<p>N\u00e5r du gennemf\u00f8rer et k\u00f8b p\u00e5 ReSense.dk, registrerer vi din IP-adresse og k\u00f8bstidspunktet. Disse oplysninger benyttes alene ved efterforskning af svindel med eksempelvis betalingskort.<\/p>\n<p>Har du aldrig handlet hos os, men er du oprettet som kunde i vores system, kan du til enhver tid anmode om, at vi sletter dine data. Er du oprettet som kunde og har foretaget et eller flere k\u00f8b hos os, vil dine oplysninger samt ordreinformation ikke blive slettet, med mindre du beder os om det.<\/p>\n<p>If\u00f8lge persondataloven har du til enhver tid ret til at f\u00e5 indsigt i og til at g\u00f8re indsigelse mod vores registrering af data om dig. Henvendelse i forbindelse hermed bedes foreg\u00e5 via mail til\u00a0<a href=\"mailto:sales@resense.dk\">sales@resense.dk<\/a><\/p>\n<p>&nbsp;<\/p>\n<h3>Betingelser for l\u00e5n\/afpr\u00f8vning<\/h3>\n<p>Hos SWNX tilbyder vi her under corona en gratis l\u00e5neperiode til afpr\u00f8vning af udvalgte produkter. Produkter omfattet af afpr\u00f8vningstilbuddet er markeret med et m\u00e6rkat \u201cAfpr\u00f8vning\u201d i webshoppen.<br \/>Ved bestilling af et afpr\u00f8vningsprodukt reseveres produktets normalpris p\u00e5 k\u00f8bers konto. Vi tr\u00e6kker ikke pengene, men reserverer dem blot p\u00e5 din konto i tilf\u00e6lde af, at du bliver s\u00e5 glad for den i pr\u00f8veperioden, at du \u00f8nsker at k\u00f8be den efterf\u00f8lgende.<br \/>Det er vores m\u00e5de at kunne h\u00e5ndtere afpr\u00f8vningsordrene administrativt. Derudover, s\u00e5 skal vi ogs\u00e5 have en garanti for, at vi f\u00e5r fodgyngerne hjem igen.<br \/>K\u00f8bsprisen p\u00e5 afpr\u00f8vningsproduktet fremg\u00e5r b\u00e5de p\u00e5 webshoppen og ved betaling, da det er bel\u00f8bet du skal betale for fodgyngen, s\u00e5fremt du \u00f8nsker at beholde gyngen efter endt pr\u00f8veperiode.<\/p>\n<p>Bel\u00f8bet bliver kun trukket p\u00e5 din konto, hvis varen ikke er returneret til os indenfor 30 dage. Du betaler som kunde evt. returfragt.<\/p>\n<p>Ved gennemf\u00f8relse af k\u00f8bet p\u00e5 hjemmesiden, vil produktet blive tilsendt eller sat klar til afhentning p\u00e5 adressen &#8211; alt efter hvad du har valgt.<br \/>Produktet kan herefter bruges i op til 30 dage fra bestillingsdato f\u00f8r det skal returneres til SWNX eller k\u00f8bes.<br \/>SWNX kan altid kontaktes ved sp\u00f8rgsm\u00e5l eller problemer ang\u00e5ende produkter eller ordningen.<br \/>&#8230;<br \/>Efter 30 dage fra bestillingsdato vil produktets bel\u00f8b blive trukket fra k\u00f8bers konto HVIS;<br \/>1. Produktet ikke er returneret rettidigt<br \/>2. Andet er aftalt med SWNX.<br \/>3. K\u00f8ber \u00f8nsker at k\u00f8be produktet.<br \/>Produktet returneres til:<br \/>Resense Denmark Aps<br \/>Elleg\u00e5rdvej 36<br \/>6400 S\u00f8nderborg<\/p>\n<p>&nbsp;<\/p>\n<p><i>Handelsbetingelserne er senest opdateret den 27.01.2021<\/i><\/p>\n<p>[\/et_pb_text][\/et_pb_column][\/et_pb_row][\/et_pb_section][et_pb_section fb_built=&#8221;1&#8243; _builder_version=&#8221;4.6.5&#8243; _module_preset=&#8221;default&#8221; background_color=&#8221;#383e42&#8243; background_enable_image=&#8221;off&#8221; parallax=&#8221;on&#8221; parallax_method=&#8221;off&#8221; z_index=&#8221;33&#8243; custom_margin=&#8221;-10px||||false|false&#8221; custom_padding=&#8221;0px||0px||false|false&#8221; global_module=&#8221;1596&#8243; saved_tabs=&#8221;all&#8221;][et_pb_row column_structure=&#8221;1_4,1_4,1_4,1_4&#8243; use_custom_gutter=&#8221;on&#8221; _builder_version=&#8221;4.8.1&#8243; _module_preset=&#8221;default&#8221; background_color=&#8221;#383e42&#8243; module_alignment=&#8221;center&#8221; custom_margin=&#8221;||||false|false&#8221; custom_padding=&#8221;66px|0%|50px|0%|false|false&#8221;][et_pb_column type=&#8221;1_4&#8243; _builder_version=&#8221;4.6.5&#8243; _module_preset=&#8221;default&#8221;][et_pb_text _builder_version=&#8221;4.6.5&#8243; text_font=&#8221;Poppins||||||||&#8221; text_text_color=&#8221;#ffffff&#8221; text_font_size=&#8221;16px&#8221; text_line_height=&#8221;1.8em&#8221; header_text_color=&#8221;#ffffff&#8221; header_4_font=&#8221;Poppins|700|||||||&#8221; header_4_text_color=&#8221;#ffffff&#8221; header_4_font_size=&#8221;20px&#8221; header_4_line_height=&#8221;1.7em&#8221; custom_margin=&#8221;|44px|40px|||&#8221; text_font_size_tablet=&#8221;&#8221; text_font_size_phone=&#8221;19px&#8221; text_font_size_last_edited=&#8221;on|phone&#8221;]<\/p>\n<h4>Quick links<\/h4>\n<p><a href=\"https:\/\/swnx.dk\/forhandler\/\">Forhandlere<\/a><\/p>\n<p><a href=\"https:\/\/swnx.dk\/monteringsvejledning\/\">Guides<\/a><\/p>\n<p><a href=\"https:\/\/swnx.dk\/nyheder\/\">Pressen<\/a><\/p>\n<p>[\/et_pb_text][\/et_pb_column][et_pb_column type=&#8221;1_4&#8243; _builder_version=&#8221;4.6.5&#8243; _module_preset=&#8221;default&#8221;][et_pb_text _builder_version=&#8221;4.6.5&#8243; text_font=&#8221;Poppins||||||||&#8221; text_text_color=&#8221;#ffffff&#8221; text_font_size=&#8221;16px&#8221; text_line_height=&#8221;1.8em&#8221; header_text_color=&#8221;#ffffff&#8221; header_4_font=&#8221;Poppins|700|||||||&#8221; header_4_text_color=&#8221;#ffffff&#8221; header_4_font_size=&#8221;20px&#8221; header_4_line_height=&#8221;1.7em&#8221; custom_margin=&#8221;|44px|40px|||&#8221; text_font_size_tablet=&#8221;&#8221; text_font_size_phone=&#8221;19px&#8221; text_font_size_last_edited=&#8221;on|phone&#8221;]<\/p>\n<h4>Legal<\/h4>\n<p><a href=\"https:\/\/swnx.dk\/privatlivspolitik\/\">Cookie- og privatlivspolitik<\/a><\/p>\n<p><a href=\"https:\/\/swnx.dk\/handelsbetingelser\/\">Handelsbetingelser<\/a><\/p>\n<p>[\/et_pb_text][\/et_pb_column][et_pb_column type=&#8221;1_4&#8243; _builder_version=&#8221;4.6.5&#8243; _module_preset=&#8221;default&#8221; border_width_right=&#8221;1px&#8221; border_color_right=&#8221;#ffffff&#8221; border_width_right_tablet=&#8221;&#8221; border_width_right_phone=&#8221;0px&#8221; border_width_right_last_edited=&#8221;on|phone&#8221;][et_pb_text _builder_version=&#8221;4.8.1&#8243; text_font=&#8221;Poppins||||||||&#8221; text_text_color=&#8221;#ffffff&#8221; text_font_size=&#8221;16px&#8221; text_line_height=&#8221;1.8em&#8221; header_text_color=&#8221;#ffffff&#8221; header_4_font=&#8221;Poppins|700|||||||&#8221; header_4_text_color=&#8221;#ffffff&#8221; header_4_font_size=&#8221;20px&#8221; header_4_line_height=&#8221;1.7em&#8221; custom_margin=&#8221;|44px|40px|||&#8221; text_font_size_tablet=&#8221;&#8221; text_font_size_phone=&#8221;19px&#8221; text_font_size_last_edited=&#8221;on|phone&#8221;]<\/p>\n<h4>Hj\u00e6lp<\/h4>\n<p><a href=\"https:\/\/swnx.dk\/kontakt-os\/\">Kontakt<\/a><\/p>\n<p><a href=\"https:\/\/swnx.dk\/faq\/\">FAQ<\/a><\/p>\n<p><a href=\"https:\/\/swnx.dk\/handelsbetingelser\/\">Fragt<\/a><\/p>\n<p><a href=\"https:\/\/swnx.dk\/handelsbetingelser\/\">Retur<\/a><\/p>\n<p><a href=\"https:\/\/swnx.dk\/stoerrelses-guide\/\">St\u00f8rrelsesguide<\/a><\/p>\n<p>[\/et_pb_text][\/et_pb_column][et_pb_column type=&#8221;1_4&#8243; _builder_version=&#8221;4.6.5&#8243; _module_preset=&#8221;default&#8221;][et_pb_text _builder_version=&#8221;4.6.5&#8243; custom_margin=&#8221;||||false|false&#8221; custom_margin_tablet=&#8221;|||0px|false|false&#8221; custom_margin_phone=&#8221;|||0px|false|false&#8221; custom_margin_last_edited=&#8221;on|phone&#8221;]<\/p>\n<p><img loading=\"lazy\" decoding=\"async\" src=\"https:\/\/swnx.dk\/wp-content\/uploads\/2020\/04\/Asset-1.svg\" width=\"207\" height=\"87\" alt=\"\" class=\"wp-image-21 alignnone size-full\" \/><\/p>\n<p>[\/et_pb_text][et_pb_text _builder_version=&#8221;4.6.5&#8243; text_font=&#8221;Poppins||||||||&#8221; text_text_color=&#8221;#ffffff&#8221; text_font_size=&#8221;16px&#8221; text_line_height=&#8221;0.6em&#8221; link_text_color=&#8221;#ffffff&#8221; header_4_font=&#8221;Poppins||||||||&#8221; header_4_text_color=&#8221;#ffffff&#8221; header_4_font_size=&#8221;20px&#8221; header_4_line_height=&#8221;1.7em&#8221; custom_margin=&#8221;||||false|false&#8221; custom_margin_tablet=&#8221;|||0px|false|false&#8221; custom_margin_phone=&#8221;|||0px|false|false&#8221; custom_margin_last_edited=&#8221;on|phone&#8221; text_font_size_tablet=&#8221;&#8221; text_font_size_phone=&#8221;19px&#8221; text_font_size_last_edited=&#8221;on|phone&#8221;]<\/p>\n<h4>Kontakt os:<\/h4>\n<p>Resense Denmark<\/p>\n<p>Elleg\u00e5rvej 36<\/p>\n<p>6400 S\u00f8nderborg<\/p>\n<p>&nbsp;<\/p>\n<p><a href=\"mailto:sales@resense.dk\"><span class=\"elementor-icon-list-text\">sales@resense.dk<\/span><\/a><\/p>\n<p><span class=\"elementor-icon-list-icon\"><i aria-hidden=\"true\" class=\"fas fa-phone\"><\/i><\/span><span class=\"elementor-icon-list-text\">+45 22 94 01 38<\/span><\/p>\n<p>[\/et_pb_text][et_pb_social_media_follow icon_color=&#8221;#ffffff&#8221; use_icon_font_size=&#8221;on&#8221; icon_font_size=&#8221;28px&#8221; _builder_version=&#8221;4.6.5&#8243; custom_button=&#8221;on&#8221; width=&#8221;100%&#8221; max_width=&#8221;100%&#8221; custom_margin=&#8221;|||-19px||&#8221; custom_padding=&#8221;|0px||0px||&#8221;][et_pb_social_media_follow_network social_network=&#8221;facebook&#8221; url=&#8221;https:\/\/www.facebook.com\/reSWNX\/&#8221; icon_color=&#8221;#ffffff&#8221; _builder_version=&#8221;4.6.5&#8243; background_enable_color=&#8221;off&#8221; custom_button=&#8221;on&#8221; button_text_size=&#8221;1px&#8221; button_border_width=&#8221;0px&#8221; button_border_radius=&#8221;0px&#8221; follow_button=&#8221;off&#8221; url_new_window=&#8221;on&#8221;]facebook[\/et_pb_social_media_follow_network][et_pb_social_media_follow_network social_network=&#8221;linkedin&#8221; url=&#8221;https:\/\/www.linkedin.com\/company\/resense-dk\/&#8221; icon_color=&#8221;#ffffff&#8221; _builder_version=&#8221;4.6.5&#8243; background_color=&#8221;rgba(0,0,0,0)&#8221; background_enable_color=&#8221;on&#8221; follow_button=&#8221;off&#8221; url_new_window=&#8221;on&#8221;]linkedin[\/et_pb_social_media_follow_network][et_pb_social_media_follow_network social_network=&#8221;instagram&#8221; url=&#8221;https:\/\/www.instagram.com\/swnx.dk\/&#8221; icon_color=&#8221;#ffffff&#8221; _builder_version=&#8221;4.6.5&#8243; background_enable_color=&#8221;off&#8221; follow_button=&#8221;off&#8221; url_new_window=&#8221;on&#8221;]instagram[\/et_pb_social_media_follow_network][\/et_pb_social_media_follow][\/et_pb_column][\/et_pb_row][\/et_pb_section]<\/p>\n","protected":false},"excerpt":{"rendered":"<p>HandelsbetingelserVi forbeholder os ret til at foretage \u00e6ndringer i priser og sortiment. Der tages samtidig forbehold for udsolgte og ikke-indkomne varer samt for trykfejl. &nbsp; Firmadata Juridisk navn:\u00a0Resense Denmark ApSCVR-nr.:\u00a038500392Adresse:\u00a0Elleg\u00e5rdvej 36, 6400 S\u00f8nderborgE-mailadresse:\u00a0Sales@swnx.dkTelefonnummer:\u00a0+45 22 94 01 38 &nbsp; 14 dages retur- og fortrydelsesret Du har 14 dages retur- og fortrydelsesret. Inden for de 14 dage [&hellip;]<\/p>\n","protected":false},"author":1,"featured_media":0,"parent":0,"menu_order":0,"comment_status":"closed","ping_status":"closed","template":"","meta":{"_et_pb_use_builder":"on","_et_pb_old_content":"","_et_gb_content_width":"","footnotes":""},"class_list":["post-2040","page","type-page","status-publish","hentry"],"_links":{"self":[{"href":"https:\/\/swnx.dk\/en\/wp-json\/wp\/v2\/pages\/2040","targetHints":{"allow":["GET"]}}],"collection":[{"href":"https:\/\/swnx.dk\/en\/wp-json\/wp\/v2\/pages"}],"about":[{"href":"https:\/\/swnx.dk\/en\/wp-json\/wp\/v2\/types\/page"}],"author":[{"embeddable":true,"href":"https:\/\/swnx.dk\/en\/wp-json\/wp\/v2\/users\/1"}],"replies":[{"embeddable":true,"href":"https:\/\/swnx.dk\/en\/wp-json\/wp\/v2\/comments?post=2040"}],"version-history":[{"count":5,"href":"https:\/\/swnx.dk\/en\/wp-json\/wp\/v2\/pages\/2040\/revisions"}],"predecessor-version":[{"id":2876,"href":"https:\/\/swnx.dk\/en\/wp-json\/wp\/v2\/pages\/2040\/revisions\/2876"}],"wp:attachment":[{"href":"https:\/\/swnx.dk\/en\/wp-json\/wp\/v2\/media?parent=2040"}],"curies":[{"name":"wp","href":"https:\/\/api.w.org\/{rel}","templated":true}]}}